{"id":717,"date":"2024-11-02T17:52:08","date_gmt":"2024-11-02T16:52:08","guid":{"rendered":"https:\/\/margara.es\/puntos-de-venta\/"},"modified":"2024-11-05T11:00:10","modified_gmt":"2024-11-05T10:00:10","slug":"points-of-sale","status":"publish","type":"page","link":"https:\/\/margara.es\/en\/points-of-sale\/","title":{"rendered":"Points of sale"},"content":{"rendered":"<div class=\"fusion-fullwidth fullwidth-box fusion-builder-row-1 fusion-flex-container nonhundred-percent-fullwidth non-hundred-percent-height-scrolling\" style=\"background-color: rgba(38,36,80,0);background-position: center center;background-repeat: no-repeat;border-width: 0px 0px 0px 0px;border-color:rgba(255,255,255,0);border-style:solid;\" ><div class=\"fusion-builder-row fusion-row fusion-flex-align-items-flex-start\" style=\"max-width:1216.8px;margin-left: calc(-4% \/ 2 );margin-right: calc(-4% \/ 2 );\"><div class=\"fusion-layout-column fusion_builder_column fusion-builder-column-0 fusion_builder_column_1_1 1_1 fusion-flex-column\"><div class=\"fusion-column-wrapper fusion-flex-justify-content-flex-start fusion-content-layout-column\" style=\"background-position:left top;background-repeat:no-repeat;-webkit-background-size:cover;-moz-background-size:cover;-o-background-size:cover;background-size:cover;padding: 0px 0px 0px 0px;\"><div class=\"fusion-text fusion-text-1\" style=\"text-align:center;\"><p class=\"p1\">If you want to try our fragrance, we invite you to visit our physical points of sale:<\/p>\n<\/div><iframe src=\"https:\/\/www.google.com\/maps\/d\/embed?mid=1dSkLSRd_jJlS3uiA_yg9cTsDRxG_vWs&ehbc=2E312F&noprof=1\" width=\"100%\" height=\"630\"><\/iframe><div class=\"fusion-text fusion-text-2\"><ul>\n<li>La Tienda de Turismo de la Plaza Mayor n\u00ba 32. Salamanca. Tfno. 923 27 24 08<\/li>\n<li>La Tienda de la Catedral salmantina. Calle Gibraltar. Tfno. 923 21 74 76<\/li>\n<li>Ieronimus. Torre de la Catedral Vieja de Salamanca. Plaza Juan XXIII, s\/n, 37003 Salamanca. Tfno. 923 21 74 76<\/li>\n<li>Tienda oficial de la Universidad, Mercatus en la calle Benedicto XVI, 22. Salamanca. Tfno. 677 579 827<\/li>\n<li>Museo de Historia de la Automoci\u00f3n de Salamanca. Plaza del Mercado Viejo s\/n. Tfno. 923 260 293.<\/li>\n<li>El Corte Ingl\u00e9s. Planta de Perfumer\u00eda. C\/ Mar\u00eda Auxiliadora 71-85, 37004 Salamanca. Tfno. +34 923 285 550<\/li>\n<li>Droguer\u00eda Perfumer\u00eda La Cibeles de la calle Concejo, n\u00ba 9 Salamanca. Tfno. 656 892 802<\/li>\n<li>Hotel Hospes Palacio de San Esteban, Arroyo de Santo Domingo, 3. Salamanca. Tfno. +34 923 26 22 96<\/li>\n<li>Grand Hotel Don Gregorio. Calle San Pablo 80-82. 37008 Salamanca. Tfno. 923217015<\/li>\n<li>Hotel Gastron\u00f3mico Eunice. Plaza de Monterrey 3-5, Salamanca. 923 880 822<\/li>\n<li>Museo Diocesano. Palacio episcopal. Plaza Juan XXIII, 15, 37008 Salamanca Tfno. 923 28 09 99<\/li>\n<li>Sweet Pea. Calle Toro 4, 37002 Salamanca. Tfno. +34 923 044 595.<\/li>\n<li>Perfumer\u00eda del Paseo del Rollo n\u00ba 17. Tfno. +34 620 234 084.<\/li>\n<li>Olvido Complementos. C\/ Jos\u00e9 J\u00e1uregui 7. 37002 Salamanca. Tfno. +34 923 260 058.<\/li>\n<li>Szalay. Pl. Libertad, 8, 37002 Salamanca 923 26 77 56 @raquelszalay<\/li>\n<li>Helemarbaby. Calle Dimas Madariaga 36. 923 25 55 54 Salamanca.<\/li>\n<li>Hotel Abad\u00eda de Los Templarios. La Alberca (Salamanca). Tfno. +34 923 42 31 07<\/li>\n<li>Plater\u00eda y Artesan\u00eda Puri y Charo. C\/ Tablao 45, 37624 La Alberca (Salamanca). Tfno. +34 923 41 53 94 \/ 658 602 525.<\/li>\n<li>Tienda de Regalos Hospeder\u00eda de La Pe\u00f1a de Francia. Pe\u00f1a de Francia s\/n 37621 El Cabaco Tfno. +34 923 16 40 00<\/li>\n<li>Hotel Posada Real Castillo del Buen Amor. Finca Villanueva de Ca\u00f1edo Ctra. N-630, Km.317,6, 37799 Topas, Salamanca. Tfno: 923 35 50 02.<\/li>\n<li>Museo diocesano catedralicio de Santa Mar\u00eda. Plaza de Herrasti, 4. 37500 Ciudad Rodrigo, (Salamanca) Tfno: 923 48 14 24.<\/li>\n<li>Perfumer\u00eda Farmacia S\u00e1nchez-Abarca. Plaza Mayor 21, 37500 Ciudad Rodrigo, (Salamanca) Tfno: 923 46 03 16.<\/li>\n<li>Palacio Carrascalino. Finca Carrascalino, 2, 37450 Matilla de los Ca\u00f1os del R\u00edo, Salamanca @palaciocarrascalino<\/li>\n<li>Fernandes, Mattos Ca. Lda. Rua Das Carmelitas 108-114, 4050-284 Porto (Portugal). Tfno. +351 222005568<\/li>\n<li>Fundaci\u00f3n Siegaverde Yacimiento Arqueol\u00f3gico Siega Verde Patrimonio de la Humanidad. DSA-470, km 26,400 37488 Villar de la Yegua (Salamanca). Tfno: +34 653 78 10 71<\/li>\n<li>Perfumer\u00eda Sancho Tena. C\/ Artekalea Kalea, 8, 48200 Durango (Bizkaia) Tfno.: 649497950 info@sanchotena.com<\/li>\n<li>Galer\u00eda 8360. Concept store de arte, moda y deco. C\/ Fern\u00e1ndez del Campo 23, Bilbao 48010 Tfno. +34 944 36 13 95<\/li>\n<li>Boutique BeautyTheShop Bib-Rambla. Pl. de Bib-Rambla, 1, Centro, 18001 Granada. Tfno. 693916095<\/li>\n<li>Borncosmetics. Calle Mirallers 08003, Barcelona. Tfno. +34 657 999 440<\/li>\n<\/ul>\n<\/div><\/div><style type=\"text\/css\">.fusion-body .fusion-builder-column-0{width:100% !important;margin-top : 0px;margin-bottom : 20px;}.fusion-builder-column-0 > .fusion-column-wrapper {padding-top : 0 !important;padding-right : 0px !important;margin-right : 1.92%;padding-bottom : 0px !important;padding-left : 0px !important;margin-left : 1.92%;}@media only screen and (max-width:1024px) {.fusion-body .fusion-builder-column-0{width:100% !important;order : 0;}.fusion-builder-column-0 > .fusion-column-wrapper {margin-right : 1.92%;margin-left : 1.92%;}}@media only screen and (max-width:640px) {.fusion-body .fusion-builder-column-0{width:100% !important;order : 0;}.fusion-builder-column-0 > .fusion-column-wrapper {margin-right : 1.92%;margin-left : 1.92%;}}<\/style><\/div><\/div><style type=\"text\/css\">.fusion-body .fusion-flex-container.fusion-builder-row-1{ padding-top : 0px;margin-top : -140px;padding-right : 0px;padding-bottom : 0px;margin-bottom : 0px;padding-left : 0px;}<\/style><\/div>\n","protected":false},"excerpt":{"rendered":"","protected":false},"author":1,"featured_media":0,"parent":0,"menu_order":0,"comment_status":"closed","ping_status":"closed","template":"","meta":{"footnotes":""},"class_list":["post-717","page","type-page","status-publish","hentry"],"yoast_head":"<!-- This site is optimized with the Yoast SEO plugin v26.1.1 - https:\/\/yoast.com\/wordpress\/plugins\/seo\/ -->\n<title>Points of sale - Margara<\/title>\n<meta name=\"robots\" content=\"index, follow, max-snippet:-1, max-image-preview:large, max-video-preview:-1\" \/>\n<link rel=\"canonical\" href=\"https:\/\/margara.es\/en\/points-of-sale\/\" \/>\n<meta property=\"og:locale\" content=\"en_US\" \/>\n<meta property=\"og:type\" content=\"article\" \/>\n<meta property=\"og:title\" content=\"Points of sale - Margara\" \/>\n<meta property=\"og:url\" content=\"https:\/\/margara.es\/en\/points-of-sale\/\" \/>\n<meta property=\"og:site_name\" content=\"Margara\" \/>\n<meta property=\"article:publisher\" content=\"https:\/\/www.facebook.com\/Margarabrand-108361801668082\/\" \/>\n<meta property=\"article:modified_time\" content=\"2024-11-05T10:00:10+00:00\" \/>\n<meta name=\"twitter:card\" content=\"summary_large_image\" \/>\n<meta name=\"twitter:site\" content=\"@Margarabrand\" \/>\n<meta name=\"twitter:label1\" content=\"Est. reading time\" \/>\n\t<meta name=\"twitter:data1\" content=\"4 minutes\" \/>\n<script type=\"application\/ld+json\" class=\"yoast-schema-graph\">{\"@context\":\"https:\/\/schema.org\",\"@graph\":[{\"@type\":\"WebPage\",\"@id\":\"https:\/\/margara.es\/en\/points-of-sale\/\",\"url\":\"https:\/\/margara.es\/en\/points-of-sale\/\",\"name\":\"Points of sale - Margara\",\"isPartOf\":{\"@id\":\"https:\/\/margara.es\/#website\"},\"datePublished\":\"2024-11-02T16:52:08+00:00\",\"dateModified\":\"2024-11-05T10:00:10+00:00\",\"breadcrumb\":{\"@id\":\"https:\/\/margara.es\/en\/points-of-sale\/#breadcrumb\"},\"inLanguage\":\"en-US\",\"potentialAction\":[{\"@type\":\"ReadAction\",\"target\":[\"https:\/\/margara.es\/en\/points-of-sale\/\"]}]},{\"@type\":\"BreadcrumbList\",\"@id\":\"https:\/\/margara.es\/en\/points-of-sale\/#breadcrumb\",\"itemListElement\":[{\"@type\":\"ListItem\",\"position\":1,\"name\":\"Home\",\"item\":\"https:\/\/margara.es\/en\/\"},{\"@type\":\"ListItem\",\"position\":2,\"name\":\"Points of sale\"}]},{\"@type\":\"WebSite\",\"@id\":\"https:\/\/margara.es\/#website\",\"url\":\"https:\/\/margara.es\/\",\"name\":\"Margara\",\"description\":\"Perfume Agua de Salamanca\",\"publisher\":{\"@id\":\"https:\/\/margara.es\/#organization\"},\"potentialAction\":[{\"@type\":\"SearchAction\",\"target\":{\"@type\":\"EntryPoint\",\"urlTemplate\":\"https:\/\/margara.es\/?s={search_term_string}\"},\"query-input\":{\"@type\":\"PropertyValueSpecification\",\"valueRequired\":true,\"valueName\":\"search_term_string\"}}],\"inLanguage\":\"en-US\"},{\"@type\":\"Organization\",\"@id\":\"https:\/\/margara.es\/#organization\",\"name\":\"Agua de Salamanca\",\"url\":\"https:\/\/margara.es\/\",\"logo\":{\"@type\":\"ImageObject\",\"inLanguage\":\"en-US\",\"@id\":\"https:\/\/margara.es\/#\/schema\/logo\/image\/\",\"url\":\"https:\/\/margara.es\/wp-content\/uploads\/2021\/11\/logo-agua-salamanca@2x.jpg\",\"contentUrl\":\"https:\/\/margara.es\/wp-content\/uploads\/2021\/11\/logo-agua-salamanca@2x.jpg\",\"width\":887,\"height\":195,\"caption\":\"Agua de Salamanca\"},\"image\":{\"@id\":\"https:\/\/margara.es\/#\/schema\/logo\/image\/\"},\"sameAs\":[\"https:\/\/www.facebook.com\/Margarabrand-108361801668082\/\",\"https:\/\/x.com\/Margarabrand\",\"https:\/\/www.instagram.com\/margarabrand\/\"]}]}<\/script>\n<!-- \/ Yoast SEO plugin. -->","yoast_head_json":{"title":"Points of sale - Margara","robots":{"index":"index","follow":"follow","max-snippet":"max-snippet:-1","max-image-preview":"max-image-preview:large","max-video-preview":"max-video-preview:-1"},"canonical":"https:\/\/margara.es\/en\/points-of-sale\/","og_locale":"en_US","og_type":"article","og_title":"Points of sale - Margara","og_url":"https:\/\/margara.es\/en\/points-of-sale\/","og_site_name":"Margara","article_publisher":"https:\/\/www.facebook.com\/Margarabrand-108361801668082\/","article_modified_time":"2024-11-05T10:00:10+00:00","twitter_card":"summary_large_image","twitter_site":"@Margarabrand","twitter_misc":{"Est. reading time":"4 minutes"},"schema":{"@context":"https:\/\/schema.org","@graph":[{"@type":"WebPage","@id":"https:\/\/margara.es\/en\/points-of-sale\/","url":"https:\/\/margara.es\/en\/points-of-sale\/","name":"Points of sale - Margara","isPartOf":{"@id":"https:\/\/margara.es\/#website"},"datePublished":"2024-11-02T16:52:08+00:00","dateModified":"2024-11-05T10:00:10+00:00","breadcrumb":{"@id":"https:\/\/margara.es\/en\/points-of-sale\/#breadcrumb"},"inLanguage":"en-US","potentialAction":[{"@type":"ReadAction","target":["https:\/\/margara.es\/en\/points-of-sale\/"]}]},{"@type":"BreadcrumbList","@id":"https:\/\/margara.es\/en\/points-of-sale\/#breadcrumb","itemListElement":[{"@type":"ListItem","position":1,"name":"Home","item":"https:\/\/margara.es\/en\/"},{"@type":"ListItem","position":2,"name":"Points of sale"}]},{"@type":"WebSite","@id":"https:\/\/margara.es\/#website","url":"https:\/\/margara.es\/","name":"Margara","description":"Perfume Agua de Salamanca","publisher":{"@id":"https:\/\/margara.es\/#organization"},"potentialAction":[{"@type":"SearchAction","target":{"@type":"EntryPoint","urlTemplate":"https:\/\/margara.es\/?s={search_term_string}"},"query-input":{"@type":"PropertyValueSpecification","valueRequired":true,"valueName":"search_term_string"}}],"inLanguage":"en-US"},{"@type":"Organization","@id":"https:\/\/margara.es\/#organization","name":"Agua de Salamanca","url":"https:\/\/margara.es\/","logo":{"@type":"ImageObject","inLanguage":"en-US","@id":"https:\/\/margara.es\/#\/schema\/logo\/image\/","url":"https:\/\/margara.es\/wp-content\/uploads\/2021\/11\/logo-agua-salamanca@2x.jpg","contentUrl":"https:\/\/margara.es\/wp-content\/uploads\/2021\/11\/logo-agua-salamanca@2x.jpg","width":887,"height":195,"caption":"Agua de Salamanca"},"image":{"@id":"https:\/\/margara.es\/#\/schema\/logo\/image\/"},"sameAs":["https:\/\/www.facebook.com\/Margarabrand-108361801668082\/","https:\/\/x.com\/Margarabrand","https:\/\/www.instagram.com\/margarabrand\/"]}]}},"_links":{"self":[{"href":"https:\/\/margara.es\/en\/wp-json\/wp\/v2\/pages\/717","targetHints":{"allow":["GET"]}}],"collection":[{"href":"https:\/\/margara.es\/en\/wp-json\/wp\/v2\/pages"}],"about":[{"href":"https:\/\/margara.es\/en\/wp-json\/wp\/v2\/types\/page"}],"author":[{"embeddable":true,"href":"https:\/\/margara.es\/en\/wp-json\/wp\/v2\/users\/1"}],"replies":[{"embeddable":true,"href":"https:\/\/margara.es\/en\/wp-json\/wp\/v2\/comments?post=717"}],"version-history":[{"count":3,"href":"https:\/\/margara.es\/en\/wp-json\/wp\/v2\/pages\/717\/revisions"}],"predecessor-version":[{"id":723,"href":"https:\/\/margara.es\/en\/wp-json\/wp\/v2\/pages\/717\/revisions\/723"}],"wp:attachment":[{"href":"https:\/\/margara.es\/en\/wp-json\/wp\/v2\/media?parent=717"}],"curies":[{"name":"wp","href":"https:\/\/api.w.org\/{rel}","templated":true}]}}